{"id":964,"date":"2023-07-19T14:49:19","date_gmt":"2023-07-19T14:49:19","guid":{"rendered":"https:\/\/mon-livre.digitality-agency.com\/?page_id=964"},"modified":"2024-05-17T10:26:10","modified_gmt":"2024-05-17T08:26:10","slug":"legal-mentions","status":"publish","type":"page","link":"https:\/\/www.monlivresms.com\/en\/legal-mentions\/","title":{"rendered":"Legal Mentions"},"content":{"rendered":"\t\t<div data-elementor-type=\"wp-page\" data-elementor-id=\"964\" class=\"elementor elementor-964\" data-elementor-settings=\"{&quot;ha_cmc_init_switcher&quot;:&quot;no&quot;}\" data-elementor-post-type=\"page\">\n\t\t\t\t<div class=\"elementor-element elementor-element-a53edcf e-flex e-con-boxed wpr-particle-no wpr-jarallax-no wpr-parallax-no wpr-sticky-section-no e-con e-parent\" data-id=\"a53edcf\" data-element_type=\"container\" data-e-type=\"container\" data-settings=\"{&quot;_ha_eqh_enable&quot;:false}\">\n\t\t\t\t\t<div class=\"e-con-inner\">\n\t\t<div class=\"elementor-element elementor-element-fd49bbb e-con-full e-flex wpr-particle-no wpr-jarallax-no wpr-parallax-no wpr-sticky-section-no e-con e-child\" data-id=\"fd49bbb\" data-element_type=\"container\" data-e-type=\"container\" data-settings=\"{&quot;background_background&quot;:&quot;classic&quot;,&quot;_ha_eqh_enable&quot;:false}\">\n\t\t\t\t<div class=\"elementor-element elementor-element-332c73d elementor-widget elementor-widget-text-editor\" data-id=\"332c73d\" data-element_type=\"widget\" data-e-type=\"widget\" data-widget_type=\"text-editor.default\">\n\t\t\t\t<div class=\"elementor-widget-container\">\n\t\t\t\t\t\t\t\t\t<h4>\u00c9diteur du Site<\/h4><p>Le site <a href=\"http:\/\/www.monlivresms.com\/\" target=\"_new\" rel=\"noreferrer\">www.monlivresms.com<\/a> est \u00e9dit\u00e9 par :<\/p><p><strong>Raison sociale :<\/strong> SMS and Co<br \/><strong>Forme juridique :<\/strong> Soci\u00e9t\u00e9 par actions simplifi\u00e9e (SAS)<br \/><strong>Capital social :<\/strong> 40 000 euros<br \/><strong>Adresse du si\u00e8ge social :<\/strong> Place Jean Payra, Parking Central, 66000 Perpignan, France<br \/><strong>Num\u00e9ro de t\u00e9l\u00e9phone :<\/strong> 07 80 98 08 06<br \/><strong>Adresse email :<\/strong> <a target=\"_new\" rel=\"noreferrer\">hello@monlivresms.com<\/a><br \/><strong>Num\u00e9ro d&#8217;immatriculation au RCS :<\/strong> 799 209 184 RCS Perpignan<br \/><strong>Num\u00e9ro de TVA intracommunautaire :<\/strong> FR91799209184<\/p><h4>Directeur de la Publication<\/h4><p><strong>Nom :<\/strong> M. Joachim Bigorre<br \/><strong>Fonction :<\/strong> Directeur de la publication<\/p><h4>H\u00e9bergeur du Site<\/h4><p>Le site <a href=\"http:\/\/www.monlivresms.com\/\" target=\"_new\" rel=\"noreferrer\">www.monlivresms.com<\/a> est h\u00e9berg\u00e9 par :<\/p><p><strong>Nom de l&#8217;h\u00e9bergeur :<\/strong> Rocket.net<\/p><p>L&#8217;application Mon Livre SMS est h\u00e9berg\u00e9e par :<\/p><p><strong>Heroku<\/strong><br \/><strong>Amazon S3<\/strong> pour le stockage des donn\u00e9es de l&#8217;application<br \/><strong>Ethersys<\/strong> pour l&#8217;h\u00e9bergement du tunnel de vente<\/p><h4>Propri\u00e9t\u00e9 Intellectuelle<\/h4><p>L&#8217;ensemble des \u00e9l\u00e9ments pr\u00e9sents sur le site <a href=\"http:\/\/www.monlivresms.com\/\" target=\"_new\" rel=\"noreferrer\">www.monlivresms.com<\/a>, incluant notamment les textes, images, graphismes, logos, ic\u00f4nes, sons, logiciels, est la propri\u00e9t\u00e9 de la soci\u00e9t\u00e9 SMS and Co, ou fait l&#8217;objet d&#8217;une autorisation d&#8217;utilisation. Toute reproduction, repr\u00e9sentation, modification, publication, adaptation de tout ou partie des \u00e9l\u00e9ments du site, quel que soit le moyen ou le proc\u00e9d\u00e9 utilis\u00e9, est interdite, sauf autorisation \u00e9crite pr\u00e9alable de la soci\u00e9t\u00e9 SMS and Co.<\/p><h4>Donn\u00e9es Personnelles<\/h4><p>La soci\u00e9t\u00e9 SMS and Co s&#8217;engage \u00e0 ce que la collecte et le traitement de vos donn\u00e9es, effectu\u00e9s \u00e0 partir du site <a href=\"http:\/\/www.monlivresms.com\/\" target=\"_new\" rel=\"noreferrer\">www.monlivresms.com<\/a>, soient conformes au r\u00e8glement g\u00e9n\u00e9ral sur la protection des donn\u00e9es (RGPD) et \u00e0 la loi Informatique et Libert\u00e9s.\u00a0<\/p><h4>Cookies<\/h4><p>Le site <a href=\"http:\/\/www.monlivresms.com\/\" target=\"_new\" rel=\"noreferrer\">www.monlivresms.com<\/a> utilise des cookies pour am\u00e9liorer votre exp\u00e9rience de navigation et r\u00e9aliser des statistiques de visites.\u00a0<\/p><h4>Limitation de Responsabilit\u00e9<\/h4><p>La soci\u00e9t\u00e9 SMS and Co ne pourra \u00eatre tenue pour responsable des dommages directs et indirects caus\u00e9s au mat\u00e9riel de l\u2019utilisateur, lors de l\u2019acc\u00e8s au site <a href=\"http:\/\/www.monlivresms.com\/\" target=\"_new\" rel=\"noreferrer\">www.monlivresms.com<\/a>, et r\u00e9sultant soit de l\u2019utilisation d\u2019un mat\u00e9riel ne r\u00e9pondant pas aux sp\u00e9cifications indiqu\u00e9es, soit de l\u2019apparition d\u2019un bug ou d\u2019une incompatibilit\u00e9.<\/p><h4>Droit Applicable et Attribution de Juridiction<\/h4><p>Tout litige en relation avec l\u2019utilisation du site <a href=\"http:\/\/www.monlivresms.com\/\" target=\"_new\" rel=\"noreferrer\">www.monlivresms.com<\/a> est soumis au droit fran\u00e7ais. Il est fait attribution exclusive de juridiction aux tribunaux comp\u00e9tents de Perpignan.<\/p><h4>Contact<\/h4><p>Pour toute question, information sur les produits pr\u00e9sent\u00e9s sur le site, ou concernant le site lui-m\u00eame, vous pouvez laisser un message \u00e0 l&#8217;adresse suivante : <a target=\"_new\" rel=\"noreferrer\">hello@monlivresms.com<\/a>.<\/p>\t\t\t\t\t\t\t\t<\/div>\n\t\t\t\t<\/div>\n\t\t\t\t<\/div>\n\t\t\t\t\t<\/div>\n\t\t\t\t<\/div>\n\t\t\t\t<\/div>\n\t\t","protected":false},"excerpt":{"rendered":"<p>\u00c9diteur du Site Le site www.monlivresms.com est \u00e9dit\u00e9 par : Raison sociale : SMS and CoForme juridique : Soci\u00e9t\u00e9 par actions simplifi\u00e9e (SAS)Capital social : 40 000 eurosAdresse du si\u00e8ge social : Place Jean Payra, Parking Central, 66000 Perpignan, FranceNum\u00e9ro de t\u00e9l\u00e9phone : 07 80 98 08 06Adresse email : hello@monlivresms.comNum\u00e9ro d&#8217;immatriculation au RCS : 799 209 184 RCS PerpignanNum\u00e9ro de TVA intracommunautaire : FR91799209184 Directeur de la Publication Nom : M. Joachim BigorreFonction : Directeur de la publication H\u00e9bergeur du Site Le site www.monlivresms.com est h\u00e9berg\u00e9 par : Nom de l&#8217;h\u00e9bergeur : Rocket.net L&#8217;application Mon Livre SMS est h\u00e9berg\u00e9e par : HerokuAmazon S3 pour le stockage des donn\u00e9es de l&#8217;applicationEthersys pour l&#8217;h\u00e9bergement du tunnel de vente Propri\u00e9t\u00e9 Intellectuelle L&#8217;ensemble des \u00e9l\u00e9ments pr\u00e9sents sur le site www.monlivresms.com, incluant notamment les textes, images, graphismes, logos, ic\u00f4nes, sons, logiciels, est la propri\u00e9t\u00e9 de la soci\u00e9t\u00e9 SMS and Co, ou fait l&#8217;objet d&#8217;une autorisation d&#8217;utilisation. Toute reproduction, repr\u00e9sentation, modification, publication, adaptation de tout ou partie des \u00e9l\u00e9ments du site, quel que soit le moyen ou le proc\u00e9d\u00e9 utilis\u00e9, est interdite, sauf autorisation \u00e9crite pr\u00e9alable de la soci\u00e9t\u00e9 SMS and Co. Donn\u00e9es Personnelles La soci\u00e9t\u00e9 SMS and Co s&#8217;engage \u00e0 ce que la collecte et le traitement de vos donn\u00e9es, effectu\u00e9s \u00e0 partir du site www.monlivresms.com, soient conformes au r\u00e8glement g\u00e9n\u00e9ral sur la protection des donn\u00e9es (RGPD) et \u00e0 la loi Informatique et Libert\u00e9s.\u00a0 Cookies Le site www.monlivresms.com utilise des cookies pour am\u00e9liorer votre exp\u00e9rience de navigation et r\u00e9aliser des statistiques de visites.\u00a0 Limitation de Responsabilit\u00e9 La soci\u00e9t\u00e9 SMS and Co ne pourra \u00eatre tenue pour responsable des dommages directs et indirects caus\u00e9s au mat\u00e9riel de l\u2019utilisateur, lors de l\u2019acc\u00e8s au site www.monlivresms.com, et r\u00e9sultant soit de l\u2019utilisation d\u2019un mat\u00e9riel ne r\u00e9pondant pas aux sp\u00e9cifications indiqu\u00e9es, soit de l\u2019apparition d\u2019un bug ou d\u2019une incompatibilit\u00e9. Droit Applicable et Attribution de Juridiction Tout litige en relation avec l\u2019utilisation du site www.monlivresms.com est soumis au droit fran\u00e7ais. Il est fait attribution exclusive de juridiction aux tribunaux comp\u00e9tents de Perpignan. Contact Pour toute question, information sur les produits pr\u00e9sent\u00e9s sur le site, ou concernant le site lui-m\u00eame, vous pouvez laisser un message \u00e0 l&#8217;adresse suivante : hello@monlivresms.com.<\/p>\n","protected":false},"author":1,"featured_media":0,"parent":0,"menu_order":0,"comment_status":"closed","ping_status":"closed","template":"","meta":{"inline_featured_image":false,"footnotes":""},"class_list":["post-964","page","type-page","status-publish","hentry"],"_links":{"self":[{"href":"https:\/\/www.monlivresms.com\/en\/wp-json\/wp\/v2\/pages\/964","targetHints":{"allow":["GET"]}}],"collection":[{"href":"https:\/\/www.monlivresms.com\/en\/wp-json\/wp\/v2\/pages"}],"about":[{"href":"https:\/\/www.monlivresms.com\/en\/wp-json\/wp\/v2\/types\/page"}],"author":[{"embeddable":true,"href":"https:\/\/www.monlivresms.com\/en\/wp-json\/wp\/v2\/users\/1"}],"replies":[{"embeddable":true,"href":"https:\/\/www.monlivresms.com\/en\/wp-json\/wp\/v2\/comments?post=964"}],"version-history":[{"count":11,"href":"https:\/\/www.monlivresms.com\/en\/wp-json\/wp\/v2\/pages\/964\/revisions"}],"predecessor-version":[{"id":8090,"href":"https:\/\/www.monlivresms.com\/en\/wp-json\/wp\/v2\/pages\/964\/revisions\/8090"}],"wp:attachment":[{"href":"https:\/\/www.monlivresms.com\/en\/wp-json\/wp\/v2\/media?parent=964"}],"curies":[{"name":"wp","href":"https:\/\/api.w.org\/{rel}","templated":true}]}}