{"id":17318,"date":"2023-07-19T14:49:19","date_gmt":"2023-07-19T12:49:19","guid":{"rendered":"https:\/\/www.monlivresms.com\/legal-mentions\/"},"modified":"2025-09-24T09:36:41","modified_gmt":"2025-09-24T07:36:41","slug":"legal-mentions","status":"publish","type":"page","link":"https:\/\/www.monlivresms.com\/es\/legal-mentions\/","title":{"rendered":"Menciones legales"},"content":{"rendered":"\t\t<div data-elementor-type=\"wp-page\" data-elementor-id=\"17318\" class=\"elementor elementor-17318 elementor-964\" data-elementor-settings=\"{&quot;ha_cmc_init_switcher&quot;:&quot;no&quot;}\" data-elementor-post-type=\"page\">\n\t\t\t\t<div class=\"elementor-element elementor-element-a53edcf e-flex e-con-boxed wpr-particle-no wpr-jarallax-no wpr-parallax-no wpr-sticky-section-no e-con e-parent\" data-id=\"a53edcf\" data-element_type=\"container\" data-e-type=\"container\" data-settings=\"{&quot;_ha_eqh_enable&quot;:false}\">\n\t\t\t\t\t<div class=\"e-con-inner\">\n\t\t<div class=\"elementor-element elementor-element-fd49bbb e-con-full e-flex wpr-particle-no wpr-jarallax-no wpr-parallax-no wpr-sticky-section-no e-con e-child\" data-id=\"fd49bbb\" data-element_type=\"container\" data-e-type=\"container\" data-settings=\"{&quot;background_background&quot;:&quot;classic&quot;,&quot;_ha_eqh_enable&quot;:false}\">\n\t\t\t\t<div class=\"elementor-element elementor-element-332c73d elementor-widget elementor-widget-text-editor\" data-id=\"332c73d\" data-element_type=\"widget\" data-e-type=\"widget\" data-widget_type=\"text-editor.default\">\n\t\t\t\t<div class=\"elementor-widget-container\">\n\t\t\t\t\t\t\t\t\t<h4>Editor del Sitio<\/h4><p>El sitio <a href=\"http:\/\/www.monlivresms.com\/\" target=\"_new\" rel=\"noreferrer\">www.monlivresms.com est\u00e1 editado por :<\/a> <\/p><p><strong>Raz\u00f3n social :<\/strong> SMS y Co<br><strong>Forma jur\u00eddica :<\/strong> Sociedad por Acciones Simplificada (SAS)<br><strong>Capital social :<\/strong> 40 000 euros<br><strong>Adresse du si\u00e8ge social :<\/strong> Place Jean Payra, Parking Central, 66000 Perpignan, France<br><strong>N\u00famero de tel\u00e9fono:<\/strong> 07 80 98 08 06<br><strong>Direcci\u00f3n de correo electr\u00f3nico :<\/strong> <a target=\"_new\" rel=\"noreferrer\">hello@monlivresms.com<\/a><br><strong>Num\u00e9ro d&#8217;immatriculation au RCS :<\/strong> 799 209 184 RCS Perpignan<br><strong>N\u00famero de TVA intracomunitario:<\/strong> FR91799209184<\/p><h4>Director de Publicaci\u00f3n<\/h4><p><strong>Nombre :<\/strong> M. Joachim Bigorre<br><strong>Funci\u00f3n :<\/strong> Director de la publicaci\u00f3n<\/p><h4>H\u00e9bergeur du Site<\/h4><p>El sitio <a href=\"http:\/\/www.monlivresms.com\/\" target=\"_new\" rel=\"noreferrer\">www.monlivresms.com<\/a> est\u00e1 gestionado por :<\/p><p><strong>Nombre del proveedor:<\/strong> Rocket.net<\/p><p>La aplicaci\u00f3n Mon Livre SMS est\u00e1 gestionada por :<\/p><p><strong>Heroku<\/strong><br><strong>Amazon S3<\/strong> para el almacenamiento de datos de la aplicaci\u00f3n<br> Ethersys para la gesti\u00f3n del t\u00fanel de venta<\/p><h4>Propiedad intelectual<\/h4><p>El conjunto de elementos que aparecen en el sitio <a href=\"http:\/\/www.monlivresms.com\/\" target=\"_new\" rel=\"noreferrer\">www.monlivresms.com,<\/a> incluidos los textos, im\u00e1genes, gr\u00e1ficos, logotipos, iconos, sonidos y logotipos, es propiedad de la empresa SMS and Co, o bien ha sido objeto de una autorizaci\u00f3n de uso. Cualquier reproducci\u00f3n, representaci\u00f3n, modificaci\u00f3n, publicaci\u00f3n, adaptaci\u00f3n de todo o parte de los elementos del sitio, sea cual sea el medio o procedimiento utilizado, est\u00e1 prohibida, salvo autorizaci\u00f3n escrita previa de la empresa SMS and Co. <\/p><h4>Datos personales<\/h4><p>La sociedad SMS and Co se compromete a que la recogida y el tratamiento de tus datos, efectuados a partir del sitio <a href=\"http:\/\/www.monlivresms.com\/\" target=\"_new\" rel=\"noreferrer\">www.monlivresms.com,<\/a> sean conformes al Reglamento General de Protecci\u00f3n de Datos (RGPD) y a la Ley Inform\u00e1tica y Libertades.  <\/p><h4>Cookies<\/h4><p>El sitio <a href=\"http:\/\/www.monlivresms.com\/\" target=\"_new\" rel=\"noreferrer\">www.monlivresms.com<\/a> utiliza cookies para mejorar tu experiencia de navegaci\u00f3n y realizar estad\u00edsticas de visitas.  <\/p><h4>Limitaci\u00f3n de responsabilidad<\/h4><p>La empresa SMS and Co no podr\u00e1 ser considerada responsable de los da\u00f1os directos o indirectos causados al material del usuario durante el acceso al sitio <a href=\"http:\/\/www.monlivresms.com\/\" target=\"_new\" rel=\"noreferrer\">www.monlivresms.com,<\/a> ya sea por el uso de un material que no responda a las especificaciones indicadas o por la aparici\u00f3n de un error o incompatibilidad.<\/p><h4>Derecho Aplicable y Atribuci\u00f3n de Jurisdicci\u00f3n<\/h4><p>Todo litigio relacionado con la utilizaci\u00f3n del sitio <a href=\"http:\/\/www.monlivresms.com\/\" target=\"_new\" rel=\"noreferrer\">www.monlivresms.com<\/a> est\u00e1 sujeto al derecho franc\u00e9s. Se hace atribuci\u00f3n exclusiva de jurisdicci\u00f3n a los tribunales competentes de Perpi\u00f1\u00e1n. <\/p><h4>Ponte en contacto con<\/h4><p>Para cualquier pregunta, informaci\u00f3n sobre los productos presentados en el sitio o sobre el propio sitio, puedes enviar un mensaje a la siguiente direcci\u00f3n: <a target=\"_new\" rel=\"noreferrer\">hello@monlivresms.com.<\/a><\/p>\t\t\t\t\t\t\t\t<\/div>\n\t\t\t\t<\/div>\n\t\t\t\t<\/div>\n\t\t\t\t\t<\/div>\n\t\t\t\t<\/div>\n\t\t\t\t<\/div>\n\t\t","protected":false},"excerpt":{"rendered":"<p>Editor del Sitio El sitio www.monlivresms.com est\u00e1 editado por : Raz\u00f3n social : SMS y CoForma jur\u00eddica : Sociedad por Acciones Simplificada (SAS)Capital social : 40 000 eurosAdresse du si\u00e8ge social : Place Jean Payra, Parking Central, 66000 Perpignan, FranceN\u00famero de tel\u00e9fono: 07 80 98 08 06Direcci\u00f3n de correo electr\u00f3nico : hello@monlivresms.comNum\u00e9ro d&#8217;immatriculation au RCS : 799 209 184 RCS PerpignanN\u00famero de TVA intracomunitario: FR91799209184 Director de Publicaci\u00f3n Nombre : M. Joachim BigorreFunci\u00f3n : Director de la publicaci\u00f3n H\u00e9bergeur du Site El sitio www.monlivresms.com est\u00e1 gestionado por : Nombre del proveedor: Rocket.net La aplicaci\u00f3n Mon Livre SMS est\u00e1 gestionada por : HerokuAmazon S3 para el almacenamiento de datos de la aplicaci\u00f3n Ethersys para la gesti\u00f3n del t\u00fanel de venta Propiedad intelectual El conjunto de elementos que aparecen en el sitio www.monlivresms.com, incluidos los textos, im\u00e1genes, gr\u00e1ficos, logotipos, iconos, sonidos y logotipos, es propiedad de la empresa SMS and Co, o bien ha sido objeto de una autorizaci\u00f3n de uso. Cualquier reproducci\u00f3n, representaci\u00f3n, modificaci\u00f3n, publicaci\u00f3n, adaptaci\u00f3n de todo o parte de los elementos del sitio, sea cual sea el medio o procedimiento utilizado, est\u00e1 prohibida, salvo autorizaci\u00f3n escrita previa de la empresa SMS and Co. Datos personales La sociedad SMS and Co se compromete a que la recogida y el tratamiento de tus datos, efectuados a partir del sitio www.monlivresms.com, sean conformes al Reglamento General de Protecci\u00f3n de Datos (RGPD) y a la Ley Inform\u00e1tica y Libertades. Cookies El sitio www.monlivresms.com utiliza cookies para mejorar tu experiencia de navegaci\u00f3n y realizar estad\u00edsticas de visitas. Limitaci\u00f3n de responsabilidad La empresa SMS and Co no podr\u00e1 ser considerada responsable de los da\u00f1os directos o indirectos causados al material del usuario durante el acceso al sitio www.monlivresms.com, ya sea por el uso de un material que no responda a las especificaciones indicadas o por la aparici\u00f3n de un error o incompatibilidad. Derecho Aplicable y Atribuci\u00f3n de Jurisdicci\u00f3n Todo litigio relacionado con la utilizaci\u00f3n del sitio www.monlivresms.com est\u00e1 sujeto al derecho franc\u00e9s. Se hace atribuci\u00f3n exclusiva de jurisdicci\u00f3n a los tribunales competentes de Perpi\u00f1\u00e1n. Ponte en contacto con Para cualquier pregunta, informaci\u00f3n sobre los productos presentados en el sitio o sobre el propio sitio, puedes enviar un mensaje a la siguiente direcci\u00f3n: hello@monlivresms.com.<\/p>\n","protected":false},"author":1,"featured_media":0,"parent":0,"menu_order":0,"comment_status":"closed","ping_status":"closed","template":"","meta":{"inline_featured_image":false,"footnotes":""},"class_list":["post-17318","page","type-page","status-publish","hentry"],"_links":{"self":[{"href":"https:\/\/www.monlivresms.com\/es\/wp-json\/wp\/v2\/pages\/17318","targetHints":{"allow":["GET"]}}],"collection":[{"href":"https:\/\/www.monlivresms.com\/es\/wp-json\/wp\/v2\/pages"}],"about":[{"href":"https:\/\/www.monlivresms.com\/es\/wp-json\/wp\/v2\/types\/page"}],"author":[{"embeddable":true,"href":"https:\/\/www.monlivresms.com\/es\/wp-json\/wp\/v2\/users\/1"}],"replies":[{"embeddable":true,"href":"https:\/\/www.monlivresms.com\/es\/wp-json\/wp\/v2\/comments?post=17318"}],"version-history":[{"count":1,"href":"https:\/\/www.monlivresms.com\/es\/wp-json\/wp\/v2\/pages\/17318\/revisions"}],"predecessor-version":[{"id":17319,"href":"https:\/\/www.monlivresms.com\/es\/wp-json\/wp\/v2\/pages\/17318\/revisions\/17319"}],"wp:attachment":[{"href":"https:\/\/www.monlivresms.com\/es\/wp-json\/wp\/v2\/media?parent=17318"}],"curies":[{"name":"wp","href":"https:\/\/api.w.org\/{rel}","templated":true}]}}