{"id":17312,"date":"2023-07-19T14:49:19","date_gmt":"2023-07-19T12:49:19","guid":{"rendered":"https:\/\/www.monlivresms.com\/legal-mentions\/"},"modified":"2025-09-24T09:36:41","modified_gmt":"2025-09-24T07:36:41","slug":"legal-mentions","status":"publish","type":"page","link":"https:\/\/www.monlivresms.com\/it\/legal-mentions\/","title":{"rendered":"Menzioni legali"},"content":{"rendered":"\t\t<div data-elementor-type=\"wp-page\" data-elementor-id=\"17312\" class=\"elementor elementor-17312 elementor-964\" data-elementor-settings=\"{&quot;ha_cmc_init_switcher&quot;:&quot;no&quot;}\" data-elementor-post-type=\"page\">\n\t\t\t\t<div class=\"elementor-element elementor-element-a53edcf e-flex e-con-boxed wpr-particle-no wpr-jarallax-no wpr-parallax-no wpr-sticky-section-no e-con e-parent\" data-id=\"a53edcf\" data-element_type=\"container\" data-e-type=\"container\" data-settings=\"{&quot;_ha_eqh_enable&quot;:false}\">\n\t\t\t\t\t<div class=\"e-con-inner\">\n\t\t<div class=\"elementor-element elementor-element-fd49bbb e-con-full e-flex wpr-particle-no wpr-jarallax-no wpr-parallax-no wpr-sticky-section-no e-con e-child\" data-id=\"fd49bbb\" data-element_type=\"container\" data-e-type=\"container\" data-settings=\"{&quot;background_background&quot;:&quot;classic&quot;,&quot;_ha_eqh_enable&quot;:false}\">\n\t\t\t\t<div class=\"elementor-element elementor-element-332c73d elementor-widget elementor-widget-text-editor\" data-id=\"332c73d\" data-element_type=\"widget\" data-e-type=\"widget\" data-widget_type=\"text-editor.default\">\n\t\t\t\t<div class=\"elementor-widget-container\">\n\t\t\t\t\t\t\t\t\t<h4>Editore del sito<\/h4><p>Il sito <a href=\"http:\/\/www.monlivresms.com\/\" target=\"_new\" rel=\"noreferrer\">www.monlivresms.com \u00e8 stato redatto da :<\/a> <\/p><p><strong>Raison sociale :<\/strong> SMS e Co<br><strong>Forma giuridica:<\/strong> Societ\u00e0 per azioni semplificata (SAS)<br><strong>Capitale sociale:<\/strong> 40 000 euro<br><strong>Indirizzo del rifugio sociale:<\/strong> Place Jean Payra, Parking Central, 66000 Perpignan, France<br><strong>Numero di telefono:<\/strong> 07 80 98 08 06<br><strong>Indirizzo e-mail :<\/strong> <a target=\"_new\" rel=\"noreferrer\">hello@monlivresms.com<\/a><br><strong>Numero di immatricolazione al RCS :<\/strong> 799 209 184 RCS Perpignan<br><strong>Numero di telefono di TVA intracommunautaire:<\/strong> FR91799209184<\/p><h4>Direttore della pubblicazione<\/h4><p><strong>Nome :<\/strong> M. Joachim Bigorre<br><strong>Fonction :<\/strong> Direttore della pubblicazione<\/p><h4>Custode del sito<\/h4><p>Il sito <a href=\"http:\/\/www.monlivresms.com\/\" target=\"_new\" rel=\"noreferrer\">www.monlivresms.com<\/a> \u00e8 gestito da :<\/p><p><strong>Nome dell&#8217;h\u00e9bergeur :<\/strong> Rocket.net<\/p><p>L&#8217;applicazione Mon Livre SMS \u00e8 stata creata da :<\/p><p><strong>Heroku<\/strong><br><strong>Amazon S3<\/strong> per lo stoccaggio dei dati dell&#8217;applicazione<br> Ethersys per la gestione del tunnel di vendita<\/p><h4>Propriet\u00e0 intellettuale<\/h4><p>L&#8217;insieme degli elementi presenti sul sito <a href=\"http:\/\/www.monlivresms.com\/\" target=\"_new\" rel=\"noreferrer\">www.monlivresms.com,<\/a> compresi in particolare i testi, le immagini, i grafismi, i loghi, le icone, i suoni, i logici, \u00e8 di propriet\u00e0 della societ\u00e0 SMS and Co, o \u00e8 oggetto di un&#8217;autorizzazione all&#8217;uso. Qualsiasi riproduzione, rappresentazione, modifica, pubblicazione, adattamento di tutti o parte degli elementi del sito, qualunque sia il mezzo o il procedimento utilizzato, \u00e8 vietato, salvo autorizzazione scritta da parte della societ\u00e0 SMS and Co. <\/p><h4>Dati personali<\/h4><p>La societ\u00e0 SMS and Co si impegna affinch\u00e9 la raccolta e il trattamento dei tuoi dati, effettuati a partire dal sito <a href=\"http:\/\/www.monlivresms.com\/\" target=\"_new\" rel=\"noreferrer\">www.monlivresms.com,<\/a> siano conformi al regolamento generale sulla protezione dei dati (RGPD) e alla legge Informatica e Libert\u00e0.  <\/p><h4>Biscotti<\/h4><p>Il sito <a href=\"http:\/\/www.monlivresms.com\/\" target=\"_new\" rel=\"noreferrer\">www.monlivresms.com<\/a> utilizza i cookie per migliorare la tua esperienza di navigazione e per realizzare statistiche sulle visite.  <\/p><h4>Limitazione di responsabilit\u00e0<\/h4><p>La societ\u00e0 SMS and Co non pu\u00f2 essere ritenuta responsabile dei danni diretti e indiretti causati al materiale dell&#8217;utente durante l&#8217;accesso al sito <a href=\"http:\/\/www.monlivresms.com\/\" target=\"_new\" rel=\"noreferrer\">www.monlivresms.com<\/a> e derivanti sia dall&#8217;utilizzo di un materiale che non risponde alle specifiche indicate, sia dall&#8217;apparizione di un bug o di un&#8217;incompatibilit\u00e0.<\/p><h4>Diritto Applicabile e Attribuzione della Giurisdizione<\/h4><p>Tutte le controversie in relazione all&#8217;utilizzo del sito <a href=\"http:\/\/www.monlivresms.com\/\" target=\"_new\" rel=\"noreferrer\">www.monlivresms.com<\/a> sono soggette al diritto francese. \u00c8 attribuito esclusivamente ai tribunali competenti di Perpignan. <\/p><h4>Contatto<\/h4><p>Per qualsiasi domanda, informazione sui prodotti presentati sul sito, o riguardante il sito stesso, puoi inviare un messaggio all&#8217;indirizzo seguente: <a target=\"_new\" rel=\"noreferrer\">hello@monlivresms.com.<\/a><\/p>\t\t\t\t\t\t\t\t<\/div>\n\t\t\t\t<\/div>\n\t\t\t\t<\/div>\n\t\t\t\t\t<\/div>\n\t\t\t\t<\/div>\n\t\t\t\t<\/div>\n\t\t","protected":false},"excerpt":{"rendered":"<p>Editore del sito Il sito www.monlivresms.com \u00e8 stato redatto da : Raison sociale : SMS e CoForma giuridica: Societ\u00e0 per azioni semplificata (SAS)Capitale sociale: 40 000 euroIndirizzo del rifugio sociale: Place Jean Payra, Parking Central, 66000 Perpignan, FranceNumero di telefono: 07 80 98 08 06Indirizzo e-mail : hello@monlivresms.comNumero di immatricolazione al RCS : 799 209 184 RCS PerpignanNumero di telefono di TVA intracommunautaire: FR91799209184 Direttore della pubblicazione Nome : M. Joachim BigorreFonction : Direttore della pubblicazione Custode del sito Il sito www.monlivresms.com \u00e8 gestito da : Nome dell&#8217;h\u00e9bergeur : Rocket.net L&#8217;applicazione Mon Livre SMS \u00e8 stata creata da : HerokuAmazon S3 per lo stoccaggio dei dati dell&#8217;applicazione Ethersys per la gestione del tunnel di vendita Propriet\u00e0 intellettuale L&#8217;insieme degli elementi presenti sul sito www.monlivresms.com, compresi in particolare i testi, le immagini, i grafismi, i loghi, le icone, i suoni, i logici, \u00e8 di propriet\u00e0 della societ\u00e0 SMS and Co, o \u00e8 oggetto di un&#8217;autorizzazione all&#8217;uso. Qualsiasi riproduzione, rappresentazione, modifica, pubblicazione, adattamento di tutti o parte degli elementi del sito, qualunque sia il mezzo o il procedimento utilizzato, \u00e8 vietato, salvo autorizzazione scritta da parte della societ\u00e0 SMS and Co. Dati personali La societ\u00e0 SMS and Co si impegna affinch\u00e9 la raccolta e il trattamento dei tuoi dati, effettuati a partire dal sito www.monlivresms.com, siano conformi al regolamento generale sulla protezione dei dati (RGPD) e alla legge Informatica e Libert\u00e0. Biscotti Il sito www.monlivresms.com utilizza i cookie per migliorare la tua esperienza di navigazione e per realizzare statistiche sulle visite. Limitazione di responsabilit\u00e0 La societ\u00e0 SMS and Co non pu\u00f2 essere ritenuta responsabile dei danni diretti e indiretti causati al materiale dell&#8217;utente durante l&#8217;accesso al sito www.monlivresms.com e derivanti sia dall&#8217;utilizzo di un materiale che non risponde alle specifiche indicate, sia dall&#8217;apparizione di un bug o di un&#8217;incompatibilit\u00e0. Diritto Applicabile e Attribuzione della Giurisdizione Tutte le controversie in relazione all&#8217;utilizzo del sito www.monlivresms.com sono soggette al diritto francese. \u00c8 attribuito esclusivamente ai tribunali competenti di Perpignan. Contatto Per qualsiasi domanda, informazione sui prodotti presentati sul sito, o riguardante il sito stesso, puoi inviare un messaggio all&#8217;indirizzo seguente: hello@monlivresms.com.<\/p>\n","protected":false},"author":1,"featured_media":0,"parent":0,"menu_order":0,"comment_status":"closed","ping_status":"closed","template":"","meta":{"inline_featured_image":false,"footnotes":""},"class_list":["post-17312","page","type-page","status-publish","hentry"],"_links":{"self":[{"href":"https:\/\/www.monlivresms.com\/it\/wp-json\/wp\/v2\/pages\/17312","targetHints":{"allow":["GET"]}}],"collection":[{"href":"https:\/\/www.monlivresms.com\/it\/wp-json\/wp\/v2\/pages"}],"about":[{"href":"https:\/\/www.monlivresms.com\/it\/wp-json\/wp\/v2\/types\/page"}],"author":[{"embeddable":true,"href":"https:\/\/www.monlivresms.com\/it\/wp-json\/wp\/v2\/users\/1"}],"replies":[{"embeddable":true,"href":"https:\/\/www.monlivresms.com\/it\/wp-json\/wp\/v2\/comments?post=17312"}],"version-history":[{"count":1,"href":"https:\/\/www.monlivresms.com\/it\/wp-json\/wp\/v2\/pages\/17312\/revisions"}],"predecessor-version":[{"id":17314,"href":"https:\/\/www.monlivresms.com\/it\/wp-json\/wp\/v2\/pages\/17312\/revisions\/17314"}],"wp:attachment":[{"href":"https:\/\/www.monlivresms.com\/it\/wp-json\/wp\/v2\/media?parent=17312"}],"curies":[{"name":"wp","href":"https:\/\/api.w.org\/{rel}","templated":true}]}}