{"id":17308,"date":"2023-07-19T14:49:19","date_gmt":"2023-07-19T12:49:19","guid":{"rendered":"https:\/\/www.monlivresms.com\/legal-mentions\/"},"modified":"2025-09-24T09:36:41","modified_gmt":"2025-09-24T07:36:41","slug":"legal-mentions","status":"publish","type":"page","link":"https:\/\/www.monlivresms.com\/pt\/legal-mentions\/","title":{"rendered":"Men\u00e7\u00f5es legais"},"content":{"rendered":"\t\t<div data-elementor-type=\"wp-page\" data-elementor-id=\"17308\" class=\"elementor elementor-17308 elementor-964\" data-elementor-settings=\"{&quot;ha_cmc_init_switcher&quot;:&quot;no&quot;}\" data-elementor-post-type=\"page\">\n\t\t\t\t<div class=\"elementor-element elementor-element-a53edcf e-flex e-con-boxed wpr-particle-no wpr-jarallax-no wpr-parallax-no wpr-sticky-section-no e-con e-parent\" data-id=\"a53edcf\" data-element_type=\"container\" data-e-type=\"container\" data-settings=\"{&quot;_ha_eqh_enable&quot;:false}\">\n\t\t\t\t\t<div class=\"e-con-inner\">\n\t\t<div class=\"elementor-element elementor-element-fd49bbb e-con-full e-flex wpr-particle-no wpr-jarallax-no wpr-parallax-no wpr-sticky-section-no e-con e-child\" data-id=\"fd49bbb\" data-element_type=\"container\" data-e-type=\"container\" data-settings=\"{&quot;background_background&quot;:&quot;classic&quot;,&quot;_ha_eqh_enable&quot;:false}\">\n\t\t\t\t<div class=\"elementor-element elementor-element-332c73d elementor-widget elementor-widget-text-editor\" data-id=\"332c73d\" data-element_type=\"widget\" data-e-type=\"widget\" data-widget_type=\"text-editor.default\">\n\t\t\t\t<div class=\"elementor-widget-container\">\n\t\t\t\t\t\t\t\t\t<h4>\u00c9diteur du Site<\/h4><p>O site <a href=\"http:\/\/www.monlivresms.com\/\" target=\"_new\" rel=\"noreferrer\">www.monlivresms.com \u00e9 editado por :<\/a> <\/p><p><strong>Raison sociale :<\/strong> SMS and Co<br><strong>Forma jur\u00eddica :<\/strong> Sociedade de ac\u00e7\u00f5es simplificadas (SAS)<br><strong>Capital social:<\/strong> 40 000 euros<br><strong>Endere\u00e7o da sede social :<\/strong> Place Jean Payra, Parking Central, 66000 Perpignan, Fran\u00e7a<br><strong>N\u00famero de telefone:<\/strong> 07 80 98 08 06<br><strong>Endere\u00e7o de correio eletr\u00f3nico :<\/strong> <a target=\"_new\" rel=\"noreferrer\">hello@monlivresms.com<\/a><br><strong>N\u00famero de inscri\u00e7\u00e3o no RCS:<\/strong> 799 209 184 RCS Perpignan<br><strong>N\u00famero de TVA intracomunit\u00e1rio:<\/strong> FR91799209184<\/p><h4>Diretor da publica\u00e7\u00e3o<\/h4><p><strong>Nome :<\/strong> M. Joachim Bigorre<br><strong>Fun\u00e7\u00e3o :<\/strong> Diretor da publica\u00e7\u00e3o<\/p><h4>Guardi\u00e3o do s\u00edtio<\/h4><p>O site <a href=\"http:\/\/www.monlivresms.com\/\" target=\"_new\" rel=\"noreferrer\">www.monlivresms.com<\/a> \u00e9 gerido por :<\/p><p><strong>Nome do fornecedor de servi\u00e7os de Internet:<\/strong> Rocket.net<\/p><p>A aplica\u00e7\u00e3o Mon Livre SMS \u00e9 gerida por :<\/p><p><strong>Heroku<\/strong><br><strong>Amazon S3<\/strong> para o armazenamento de dados da aplica\u00e7\u00e3o<br><strong>Ethersys<\/strong> para a gest\u00e3o do t\u00fanel de venda<\/p><h4>Propriedade intelectual<\/h4><p>O conjunto dos elementos presentes no site <a href=\"http:\/\/www.monlivresms.com\/\" target=\"_new\" rel=\"noreferrer\">www.monlivresms.com,<\/a> incluindo, nomeadamente, textos, imagens, gr\u00e1ficos, log\u00f3tipos, \u00edcones, sons, l\u00f3gica, \u00e9 propriedade da sociedade SMS and Co, ou \u00e9 objeto de uma autoriza\u00e7\u00e3o de utiliza\u00e7\u00e3o. Qualquer reprodu\u00e7\u00e3o, representa\u00e7\u00e3o, modifica\u00e7\u00e3o, publica\u00e7\u00e3o, adapta\u00e7\u00e3o de todo ou parte dos elementos do site, seja qual for o meio ou o processo utilizado, \u00e9 interdita, exceto autoriza\u00e7\u00e3o escrita pr\u00e9via da sociedade SMS and Co. <\/p><h4>Dados Pessoais<\/h4><p>A sociedade SMS and Co compromete-se a que a recolha e o tratamento dos teus dados, efectuados a partir do site <a href=\"http:\/\/www.monlivresms.com\/\" target=\"_new\" rel=\"noreferrer\">www.monlivresms.com,<\/a> estejam em conformidade com o Regulamento Geral sobre a Prote\u00e7\u00e3o de Dados (RGPD) e com a Lei da Inform\u00e1tica e das Liberdades.  <\/p><h4>Biscoitos<\/h4><p>O site <a href=\"http:\/\/www.monlivresms.com\/\" target=\"_new\" rel=\"noreferrer\">www.monlivresms.com<\/a> utiliza cookies para melhorar a tua experi\u00eancia de navega\u00e7\u00e3o e calcular as estat\u00edsticas de visitas.  <\/p><h4>Limita\u00e7\u00e3o de responsabilidade<\/h4><p>A sociedade SMS and Co n\u00e3o poder\u00e1 ser responsabilizada por danos diretos e indirectos causados ao material do utilizador, durante o acesso ao site <a href=\"http:\/\/www.monlivresms.com\/\" target=\"_new\" rel=\"noreferrer\">www.monlivresms.com,<\/a> e resultantes quer da utiliza\u00e7\u00e3o de um material que n\u00e3o responde \u00e0s especifica\u00e7\u00f5es indicadas, quer do aparecimento de um bug ou de uma incompatibilidade.<\/p><h4>Direito aplic\u00e1vel e atribui\u00e7\u00e3o de jurisdi\u00e7\u00e3o<\/h4><p>Todos os lit\u00edgios relacionados com a utiliza\u00e7\u00e3o do site <a href=\"http:\/\/www.monlivresms.com\/\" target=\"_new\" rel=\"noreferrer\">www.monlivresms.com<\/a> est\u00e3o sujeitos ao direito franc\u00eas. A atribui\u00e7\u00e3o de jurisdi\u00e7\u00e3o \u00e9 exclusiva dos tribunais competentes de Perpignan. <\/p><h4>Contacto<\/h4><p>Para qualquer quest\u00e3o, informa\u00e7\u00e3o sobre os produtos apresentados no site, ou sobre o site em si, podes enviar uma mensagem para o seguinte endere\u00e7o: <a target=\"_new\" rel=\"noreferrer\">hello@monlivresms.com.<\/a><\/p>\t\t\t\t\t\t\t\t<\/div>\n\t\t\t\t<\/div>\n\t\t\t\t<\/div>\n\t\t\t\t\t<\/div>\n\t\t\t\t<\/div>\n\t\t\t\t<\/div>\n\t\t","protected":false},"excerpt":{"rendered":"<p>\u00c9diteur du Site O site www.monlivresms.com \u00e9 editado por : Raison sociale : SMS and CoForma jur\u00eddica : Sociedade de ac\u00e7\u00f5es simplificadas (SAS)Capital social: 40 000 eurosEndere\u00e7o da sede social : Place Jean Payra, Parking Central, 66000 Perpignan, Fran\u00e7aN\u00famero de telefone: 07 80 98 08 06Endere\u00e7o de correio eletr\u00f3nico : hello@monlivresms.comN\u00famero de inscri\u00e7\u00e3o no RCS: 799 209 184 RCS PerpignanN\u00famero de TVA intracomunit\u00e1rio: FR91799209184 Diretor da publica\u00e7\u00e3o Nome : M. Joachim BigorreFun\u00e7\u00e3o : Diretor da publica\u00e7\u00e3o Guardi\u00e3o do s\u00edtio O site www.monlivresms.com \u00e9 gerido por : Nome do fornecedor de servi\u00e7os de Internet: Rocket.net A aplica\u00e7\u00e3o Mon Livre SMS \u00e9 gerida por : HerokuAmazon S3 para o armazenamento de dados da aplica\u00e7\u00e3oEthersys para a gest\u00e3o do t\u00fanel de venda Propriedade intelectual O conjunto dos elementos presentes no site www.monlivresms.com, incluindo, nomeadamente, textos, imagens, gr\u00e1ficos, log\u00f3tipos, \u00edcones, sons, l\u00f3gica, \u00e9 propriedade da sociedade SMS and Co, ou \u00e9 objeto de uma autoriza\u00e7\u00e3o de utiliza\u00e7\u00e3o. Qualquer reprodu\u00e7\u00e3o, representa\u00e7\u00e3o, modifica\u00e7\u00e3o, publica\u00e7\u00e3o, adapta\u00e7\u00e3o de todo ou parte dos elementos do site, seja qual for o meio ou o processo utilizado, \u00e9 interdita, exceto autoriza\u00e7\u00e3o escrita pr\u00e9via da sociedade SMS and Co. Dados Pessoais A sociedade SMS and Co compromete-se a que a recolha e o tratamento dos teus dados, efectuados a partir do site www.monlivresms.com, estejam em conformidade com o Regulamento Geral sobre a Prote\u00e7\u00e3o de Dados (RGPD) e com a Lei da Inform\u00e1tica e das Liberdades. Biscoitos O site www.monlivresms.com utiliza cookies para melhorar a tua experi\u00eancia de navega\u00e7\u00e3o e calcular as estat\u00edsticas de visitas. Limita\u00e7\u00e3o de responsabilidade A sociedade SMS and Co n\u00e3o poder\u00e1 ser responsabilizada por danos diretos e indirectos causados ao material do utilizador, durante o acesso ao site www.monlivresms.com, e resultantes quer da utiliza\u00e7\u00e3o de um material que n\u00e3o responde \u00e0s especifica\u00e7\u00f5es indicadas, quer do aparecimento de um bug ou de uma incompatibilidade. Direito aplic\u00e1vel e atribui\u00e7\u00e3o de jurisdi\u00e7\u00e3o Todos os lit\u00edgios relacionados com a utiliza\u00e7\u00e3o do site www.monlivresms.com est\u00e3o sujeitos ao direito franc\u00eas. A atribui\u00e7\u00e3o de jurisdi\u00e7\u00e3o \u00e9 exclusiva dos tribunais competentes de Perpignan. Contacto Para qualquer quest\u00e3o, informa\u00e7\u00e3o sobre os produtos apresentados no site, ou sobre o site em si, podes enviar uma mensagem para o seguinte endere\u00e7o: hello@monlivresms.com.<\/p>\n","protected":false},"author":1,"featured_media":0,"parent":0,"menu_order":0,"comment_status":"closed","ping_status":"closed","template":"","meta":{"inline_featured_image":false,"footnotes":""},"class_list":["post-17308","page","type-page","status-publish","hentry"],"_links":{"self":[{"href":"https:\/\/www.monlivresms.com\/pt\/wp-json\/wp\/v2\/pages\/17308","targetHints":{"allow":["GET"]}}],"collection":[{"href":"https:\/\/www.monlivresms.com\/pt\/wp-json\/wp\/v2\/pages"}],"about":[{"href":"https:\/\/www.monlivresms.com\/pt\/wp-json\/wp\/v2\/types\/page"}],"author":[{"embeddable":true,"href":"https:\/\/www.monlivresms.com\/pt\/wp-json\/wp\/v2\/users\/1"}],"replies":[{"embeddable":true,"href":"https:\/\/www.monlivresms.com\/pt\/wp-json\/wp\/v2\/comments?post=17308"}],"version-history":[{"count":1,"href":"https:\/\/www.monlivresms.com\/pt\/wp-json\/wp\/v2\/pages\/17308\/revisions"}],"predecessor-version":[{"id":17310,"href":"https:\/\/www.monlivresms.com\/pt\/wp-json\/wp\/v2\/pages\/17308\/revisions\/17310"}],"wp:attachment":[{"href":"https:\/\/www.monlivresms.com\/pt\/wp-json\/wp\/v2\/media?parent=17308"}],"curies":[{"name":"wp","href":"https:\/\/api.w.org\/{rel}","templated":true}]}}